{"id":2765,"date":"2021-08-25T05:39:27","date_gmt":"2021-08-25T03:39:27","guid":{"rendered":"https:\/\/simplesiam.com\/services\/"},"modified":"2024-02-16T07:08:10","modified_gmt":"2024-02-16T06:08:10","slug":"services","status":"publish","type":"page","link":"https:\/\/simplesiam.com\/fr\/services\/","title":{"rendered":"Services"},"content":{"rendered":"<h1>NOS SOLUTIONS<\/h1>\n<h6>CONSULTEZ NOTRE<\/h6>\n<h2>Services de conciergerie<\/h2>\n<p>Nos services ne sont pas de simples offres, ce sont des exp\u00e9riences sur mesure, chacune d&rsquo;entre elles \u00e9tant con\u00e7ue pour rendre votre voyage extraordinaire.<\/p>\n<p>\t\t\t\t\t\t\t\t\t\t\t\t\t<img fetchpriority=\"high\" decoding=\"async\" width=\"1024\" height=\"682\" src=\"https:\/\/simplesiam.com\/wp-content\/uploads\/2023\/12\/013ad3c6-bc8b-4096-8466-8b6ae5dc8c05-1024x682.jpg\" alt=\"\" srcset=\"https:\/\/simplesiam.com\/wp-content\/uploads\/2023\/12\/013ad3c6-bc8b-4096-8466-8b6ae5dc8c05-1024x682.jpg 1024w, https:\/\/simplesiam.com\/wp-content\/uploads\/2023\/12\/013ad3c6-bc8b-4096-8466-8b6ae5dc8c05-300x200.jpg 300w, https:\/\/simplesiam.com\/wp-content\/uploads\/2023\/12\/013ad3c6-bc8b-4096-8466-8b6ae5dc8c05-768x512.jpg 768w, https:\/\/simplesiam.com\/wp-content\/uploads\/2023\/12\/013ad3c6-bc8b-4096-8466-8b6ae5dc8c05-1536x1023.jpg 1536w, https:\/\/simplesiam.com\/wp-content\/uploads\/2023\/12\/013ad3c6-bc8b-4096-8466-8b6ae5dc8c05.jpg 1600w\" sizes=\"(max-width: 1024px) 100vw, 1024px\" \/>\t\t\t\t\t\t\t\t\t\t\t\t\t<\/p>\n<h3>H\u00e9bergement<\/h3>\n<\/p>\n<p>Nous proposons des h\u00e9bergements extraordinaires \u00e0 Koh Samui, avec une s\u00e9lection soign\u00e9e de propri\u00e9t\u00e9s exquises. Nous sommes sp\u00e9cialis\u00e9s dans la personnalisation de nos offres afin de nous aligner sur les pr\u00e9f\u00e9rences et les d\u00e9sirs uniques de nos clients.<\/p>\n<p>En outre, nous proposons des services complets de gestion immobili\u00e8re, garantissant aux propri\u00e9taires un entretien et une maintenance sans faille de leurs logements.<\/p>\n<p><\/p>\n<p>\t\t\t<a href=\"https:\/\/simplesiam.com\/fr\/services-hebergement\/\"><br \/>\n\t\t\t\t\t\tD\u00c9COUVRIR<br \/>\n\t\t\t\t\t<\/a><\/p>\n<h3>\u00c9v\u00e9nements et autres<\/h3>\n<p>Qu&rsquo;il s&rsquo;agisse d&rsquo;exp\u00e9riences gastronomiques exquises, d&rsquo;\u00e9v\u00e9nements sur mesure ou de s\u00e9minaires sans faille, notre portefeuille offre une gamme de services con\u00e7us pour rehausser chaque occasion.&nbsp;<\/p>\n<p>Que vous souhaitiez organiser une f\u00eate priv\u00e9e, un \u00e9v\u00e9nement d&rsquo;entreprise ou un s\u00e9minaire sp\u00e9cial, nous sommes sp\u00e9cialis\u00e9s dans l&rsquo;adaptation de nos offres \u00e0 votre vision unique. Notre engagement va au-del\u00e0 de l&rsquo;\u00e9v\u00e9nement lui-m\u00eame, nous assurons une planification m\u00e9ticuleuse, une ex\u00e9cution impeccable et une touche de sophistication dans chaque d\u00e9tail.&nbsp;<\/p>\n<p>Notre choix de chefs fran\u00e7ais renomm\u00e9s vous permettra d&rsquo;\u00e9lever votre exp\u00e9rience gastronomique en vous proposant des d\u00e9lices culinaires exceptionnels qui rendront votre \u00e9v\u00e9nement vraiment extraordinaire.<\/p>\n<p><\/p>\n<p>\t\t\t<a href=\"#\"><br \/>\n\t\t\t\t\t\tCONTACTEZ-NOUS<br \/>\n\t\t\t\t\t<\/a><br \/>\n\t\t\t\t\t\t\t\t\t\t\t\t\t<img decoding=\"async\" width=\"768\" height=\"1152\" src=\"https:\/\/simplesiam.com\/wp-content\/uploads\/2023\/12\/marc-babin-aQWmCH_b3MU-unsplash-768x1152.jpg\" alt=\"table\" srcset=\"https:\/\/simplesiam.com\/wp-content\/uploads\/2023\/12\/marc-babin-aQWmCH_b3MU-unsplash-768x1152.jpg 768w, https:\/\/simplesiam.com\/wp-content\/uploads\/2023\/12\/marc-babin-aQWmCH_b3MU-unsplash-200x300.jpg 200w, https:\/\/simplesiam.com\/wp-content\/uploads\/2023\/12\/marc-babin-aQWmCH_b3MU-unsplash-683x1024.jpg 683w, https:\/\/simplesiam.com\/wp-content\/uploads\/2023\/12\/marc-babin-aQWmCH_b3MU-unsplash-1024x1536.jpg 1024w, https:\/\/simplesiam.com\/wp-content\/uploads\/2023\/12\/marc-babin-aQWmCH_b3MU-unsplash-1365x2048.jpg 1365w, https:\/\/simplesiam.com\/wp-content\/uploads\/2023\/12\/marc-babin-aQWmCH_b3MU-unsplash-scaled.jpg 1707w\" sizes=\"(max-width: 768px) 100vw, 768px\" \/><br \/>\n\t\t\t\t\t\t\t\t\t\t\t\t\t<img decoding=\"async\" width=\"2048\" height=\"2560\" src=\"https:\/\/simplesiam.com\/wp-content\/uploads\/2023\/12\/nikldn-t-6GW8T6Jsc-unsplash-scaled.jpg\" alt=\"\" srcset=\"https:\/\/simplesiam.com\/wp-content\/uploads\/2023\/12\/nikldn-t-6GW8T6Jsc-unsplash-scaled.jpg 2048w, https:\/\/simplesiam.com\/wp-content\/uploads\/2023\/12\/nikldn-t-6GW8T6Jsc-unsplash-240x300.jpg 240w, https:\/\/simplesiam.com\/wp-content\/uploads\/2023\/12\/nikldn-t-6GW8T6Jsc-unsplash-819x1024.jpg 819w, https:\/\/simplesiam.com\/wp-content\/uploads\/2023\/12\/nikldn-t-6GW8T6Jsc-unsplash-768x960.jpg 768w, https:\/\/simplesiam.com\/wp-content\/uploads\/2023\/12\/nikldn-t-6GW8T6Jsc-unsplash-1229x1536.jpg 1229w, https:\/\/simplesiam.com\/wp-content\/uploads\/2023\/12\/nikldn-t-6GW8T6Jsc-unsplash-1638x2048.jpg 1638w\" sizes=\"(max-width: 2048px) 100vw, 2048px\" \/>\t\t\t\t\t\t\t\t\t\t\t\t\t<\/p>\n<h3>Aventures<\/h3>\n<p>Nos offres d&rsquo;aventures promettent un voyage hors du commun, con\u00e7u pour offrir des exp\u00e9riences exaltantes et inoubliables.<\/p>\n<p>Explorez la beaut\u00e9 intacte de Koh Samui gr\u00e2ce \u00e0 nos excursions sur mesure, qu&rsquo;il s&rsquo;agisse d&rsquo;excursions en bateau personnalis\u00e9es ou de d\u00e9couvertes hors des sentiers battus. Que vous soyez \u00e0 la recherche de moments de tranquillit\u00e9 ou d&rsquo;escapades palpitantes, notre \u00e9quipe se consacre \u00e0 l&rsquo;\u00e9laboration d&rsquo;aventures qui correspondent \u00e0 votre esprit d&rsquo;exploration.<\/p>\n<p>\t\t\t<a href=\"#\"><br \/>\n\t\t\t\t\t\tCONTACTEZ-NOUS<br \/>\n\t\t\t\t\t<\/a><\/p>\n<h3>Transport<\/h3>\n<p>Naviguez dans Koh Samui et ses environs en tout confort gr\u00e2ce \u00e0 nos v\u00e9hicules priv\u00e9s avec chauffeur.<\/p>\n<p>Que vous exploriez l&rsquo;\u00eele ou que vous vous aventuriez au-del\u00e0, nos options de transport fiables et luxueuses vous garantissent un voyage confortable. Qu&rsquo;il s&rsquo;agisse de transferts entre les \u00eeles ou de d\u00e9placements \u00e0 l&rsquo;\u00e9chelle nationale, nous r\u00e9pondons \u00e0 vos besoins en mati\u00e8re de transport.  <\/p>\n<p>Notre partenariat avec un service d&rsquo;hydravion offrira bient\u00f4t une exp\u00e9rience de voyage unique et rapide, alliant confort et rapidit\u00e9 pour une commodit\u00e9 in\u00e9gal\u00e9e.<\/p>\n<p>\t\t\t<a href=\"#\"><br \/>\n\t\t\t\t\t\tCONTACTEZ-NOUS<br \/>\n\t\t\t\t\t<\/a><br \/>\n\t\t\t\t\t\t\t\t\t\t\t\t\t<img loading=\"lazy\" decoding=\"async\" width=\"2048\" height=\"2560\" src=\"https:\/\/simplesiam.com\/wp-content\/uploads\/2023\/12\/ishan-seefromthesky-4PLYXlPy9Yk-unsplash-scaled.jpg\" alt=\"airplane\" srcset=\"https:\/\/simplesiam.com\/wp-content\/uploads\/2023\/12\/ishan-seefromthesky-4PLYXlPy9Yk-unsplash-scaled.jpg 2048w, https:\/\/simplesiam.com\/wp-content\/uploads\/2023\/12\/ishan-seefromthesky-4PLYXlPy9Yk-unsplash-240x300.jpg 240w, https:\/\/simplesiam.com\/wp-content\/uploads\/2023\/12\/ishan-seefromthesky-4PLYXlPy9Yk-unsplash-819x1024.jpg 819w, https:\/\/simplesiam.com\/wp-content\/uploads\/2023\/12\/ishan-seefromthesky-4PLYXlPy9Yk-unsplash-768x960.jpg 768w, https:\/\/simplesiam.com\/wp-content\/uploads\/2023\/12\/ishan-seefromthesky-4PLYXlPy9Yk-unsplash-1229x1536.jpg 1229w, https:\/\/simplesiam.com\/wp-content\/uploads\/2023\/12\/ishan-seefromthesky-4PLYXlPy9Yk-unsplash-1639x2048.jpg 1639w\" sizes=\"(max-width: 2048px) 100vw, 2048px\" \/>\t\t\t\t\t\t\t\t\t\t\t\t\t<\/p>\n<h6>Offre sp\u00e9ciale<\/h6>\n<h2>15% de r\u00e9duction pour les nouveaux clients<\/h2>\n<p>\t\t\t<a href=\"https:\/\/simplesiam.com\/fr\/contact\/\"><br \/>\n\t\t\t\t<svg xmlns=\"http:\/\/www.w3.org\/2000\/svg\" viewBox=\"0 0 2048 2048\"><path d=\"M6.125 1088h1797.89l-402.976 403 89.994 90L2048 1024l-556.966-557-89.994 90 402.976 403H6.125v128z\"><\/path><\/svg><br \/>\n\t\t\t\t\t\tPrendre rendez-vous<br \/>\n\t\t\t\t\t<\/a><\/p>\n<h6>Qu&rsquo;attendez-vous ?<\/h6>\n<h2>Prendre rendez-vous<\/h2>\n<p>Notre \u00e9quipe d\u00e9vou\u00e9e est ravie de r\u00e9pondre \u00e0 vos questions. Nous restons \u00e0 votre disposition et vous r\u00e9pondrons dans les plus brefs d\u00e9lais. Chez Simple Siam, votre satisfaction est notre priorit\u00e9.<\/p>\n<p>\t\t\t\t<svg xmlns=\"http:\/\/www.w3.org\/2000\/svg\" viewBox=\"0 0 384 512\"><path d=\"M192 0C85.97 0 0 85.97 0 192c0 77.41 26.97 99.03 172.3 309.7c9.531 13.77 29.91 13.77 39.44 0C357 291 384 269.4 384 192C384 85.97 298 0 192 0zM192 271.1c-44.13 0-80-35.88-80-80S147.9 111.1 192 111.1s80 35.88 80 80S236.1 271.1 192 271.1z\"><\/path><\/svg>\t\t\t\t<\/p>\n<h6>\n\t\t\t\t\t\tNOTRE EMPLACEMENT<br \/>\n\t\t\t\t<\/h6>\n<p>\n\t\t\t\t\t\tSimplesiam Co.Ltd<br \/>\n19\/61, Sukhumvit Suite, Soi Sukhumvit 13. Bangkok, Tha\u00eflande.\t\t\t\t\t<\/p>\n<p>\t\t\t\t<svg xmlns=\"http:\/\/www.w3.org\/2000\/svg\" viewBox=\"0 0 512 512\"><path d=\"M256 512C114.6 512 0 397.4 0 256C0 114.6 114.6 0 256 0C397.4 0 512 114.6 512 256C512 397.4 397.4 512 256 512zM232 256C232 264 236 271.5 242.7 275.1L338.7 339.1C349.7 347.3 364.6 344.3 371.1 333.3C379.3 322.3 376.3 307.4 365.3 300L280 243.2V120C280 106.7 269.3 96 255.1 96C242.7 96 231.1 106.7 231.1 120L232 256z\"><\/path><\/svg>\t\t\t\t<\/p>\n<h6>\n\t\t\t\t\t\tHEURES D&rsquo;OUVERTURE<br \/>\n\t\t\t\t<\/h6>\n<p>\n\t\t\t\t\t\tDu lundi au vendredi : de 6h \u00e0 22h<br \/>Samedi-dimanche : 8h-14h\t\t\t\t\t<\/p>\n<p>\t\t\t\t<svg xmlns=\"http:\/\/www.w3.org\/2000\/svg\" viewBox=\"0 0 512 512\"><path d=\"M256 352c-16.53 0-33.06-5.422-47.16-16.41L0 173.2V400C0 426.5 21.49 448 48 448h416c26.51 0 48-21.49 48-48V173.2l-208.8 162.5C289.1 346.6 272.5 352 256 352zM16.29 145.3l212.2 165.1c16.19 12.6 38.87 12.6 55.06 0l212.2-165.1C505.1 137.3 512 125 512 112C512 85.49 490.5 64 464 64h-416C21.49 64 0 85.49 0 112C0 125 6.01 137.3 16.29 145.3z\"><\/path><\/svg>\t\t\t\t<\/p>\n<h6>\n\t\t\t\t\t\tCONTACT<br \/>\n\t\t\t\t<\/h6>\n<p>\n\t\t\t\t\t\tT\u00e9l\u00e9phone : +66834802829<br \/>Courriel : contact@simplesiam.com\t\t\t\t\t<\/p>\n<p>\t\t\t\t\t<a href=\"https:\/\/www.facebook.com\/people\/Simple-Siam\/61556632015984\" target=\"_blank\" rel=\"noopener\"><br \/>\n\t\t\t\t\t\tFacebook<br \/>\n\t\t\t\t\t\t<svg viewBox=\"0 0 512 512\" xmlns=\"http:\/\/www.w3.org\/2000\/svg\"><path d=\"M504 256C504 119 393 8 256 8S8 119 8 256c0 123.78 90.69 226.38 209.25 245V327.69h-63V256h63v-54.64c0-62.15 37-96.48 93.67-96.48 27.14 0 55.52 4.84 55.52 4.84v61h-31.28c-30.8 0-40.41 19.12-40.41 38.73V256h68.78l-11 71.69h-57.78V501C413.31 482.38 504 379.78 504 256z\"><\/path><\/svg>\t\t\t\t\t<\/a><br \/>\n\t\t\t\t\t<a href=\"http:\/\/instagram.com\/simple_siam\" target=\"_blank\" instagram=\"\" rel=\"noopener\"><br \/>\n\t\t\t\t\t\tInsta-icon<br \/>\n\t\t\t\t\t\t<svg xmlns=\"http:\/\/www.w3.org\/2000\/svg\" xmlns:xlink=\"http:\/\/www.w3.org\/1999\/xlink\" id=\"Layer_1\" style=\"enable-background:new 0 0 512 512;\" viewBox=\"0 0 512 512\" xml:space=\"preserve\"><\/p>\n<style type=\"text\/css\">\t.st0{fill:url(#SVGID_1_);}\t.st1{fill:#FFFFFF;}<\/style>\n<p><g><radialGradient cx=\"225.4737\" cy=\"222.8046\" gradientTransform=\"matrix(14.2175 0 0 14.2171 -3055.7039 -2615.9958)\" gradientUnits=\"userSpaceOnUse\" id=\"SVGID_1_\" r=\"47.7212\"><stop offset=\"9.693880e-02\" style=\"stop-color:#FFD87A\"><\/stop><stop offset=\"0.1426\" style=\"stop-color:#FCCE78\"><\/stop><stop offset=\"0.2263\" style=\"stop-color:#F5B471\"><\/stop><stop offset=\"0.3378\" style=\"stop-color:#EB8D65\"><\/stop><stop offset=\"0.449\" style=\"stop-color:#E36058\"><\/stop><stop offset=\"0.6786\" style=\"stop-color:#CD3694\"><\/stop><stop offset=\"1\" style=\"stop-color:#6668B0\"><\/stop><\/radialGradient><path d=\"M512,395.1c0,64.6-52.3,116.9-116.9,116.9H116.9C52.3,512,0,459.7,0,395.1V117C0,52.4,52.4,0,117,0h276.3   C458.9,0,512,53.1,512,118.7V395.1z\"><\/path><g><path d=\"M327.2,70.6H184.8c-63.1,0-114.3,51.2-114.3,114.3v142.3c0,63.1,51.1,114.2,114.3,114.2h142.3    c63.1,0,114.2-51.1,114.2-114.2V184.9C441.4,121.7,390.3,70.6,327.2,70.6z M405.8,313.5c0,51-41.3,92.3-92.3,92.3h-115    c-51,0-92.3-41.3-92.3-92.3v-115c0-51,41.3-92.3,92.3-92.3h115c51,0,92.3,41.4,92.3,92.3V313.5z\"><\/path><path d=\"M261,159c-54,0-97.7,43.7-97.7,97.7c0,53.9,43.7,97.7,97.7,97.7c53.9,0,97.7-43.7,97.7-97.7    C358.6,202.7,314.9,159,261,159z M261,315.4c-32.5,0-58.8-26.3-58.8-58.8c0-32.5,26.3-58.8,58.8-58.8c32.4,0,58.8,26.3,58.8,58.8    C319.7,289.1,293.4,315.4,261,315.4z\"><\/path><path d=\"M376.7,157.5c0,13.7-11.1,24.8-24.8,24.8c-13.7,0-24.8-11.1-24.8-24.8c0-13.7,11.1-24.9,24.8-24.9    C365.6,132.6,376.7,143.7,376.7,157.5z\"><\/path><\/g><\/g><\/svg>\t\t\t\t\t<\/a><\/p>\n<h4>OBTENIR UN DEVIS GRATUIT<\/h4>\n<form id=\"wpforms-form-1642\" data-formid=\"1642\" method=\"post\" enctype=\"multipart\/form-data\" action=\"\/wp-admin\/admin-ajax.php\" data-token=\"b5bb2f1fd4eefcf068d396c6accb11e3\"><noscript>Please enable JavaScript in your browser to complete this form.<\/noscript><label for=\"wpforms-1642-field_0\">Name *<\/label><input type=\"text\" id=\"wpforms-1642-field_0\" name=\"wpforms[fields][0]\" required><label for=\"wpforms-1642-field_1\">Email *<\/label><input type=\"email\" id=\"wpforms-1642-field_1\" name=\"wpforms[fields][1]\" spellcheck=\"false\" required><label for=\"wpforms-1642-field_3\">Phone number<\/label><input type=\"number\" pattern=\"d*\" id=\"wpforms-1642-field_3\" name=\"wpforms[fields][3]\" ><label for=\"wpforms-1642-field_4\">Message *<\/label><textarea id=\"wpforms-1642-field_4\" name=\"wpforms[fields][4]\" required><\/textarea><!-- .wpforms-field-container --><input type=\"hidden\" name=\"wpforms[id]\" value=\"1642\">\t\t\t<input\n\t\t\t\ttype=\"hidden\"\n\t\t\t\tname=\"wpforms[nonce]\"\n\t\t\t\tvalue=\"8d21c60210\"\n\t\t\t\/><br \/>\n\t\t\t<input type=\"hidden\" name=\"wpforms[author]\" value=\"1\"><button type=\"submit\" name=\"wpforms[submit]\" id=\"wpforms-submit-1642\" data-alt-text=\"Sending...\" data-submit-text=\"SUBMIT\" aria-live=\"assertive\" value=\"wpforms-submit\">SUBMIT<\/button><img loading=\"lazy\" decoding=\"async\" src=\"https:\/\/simplesiam.com\/wp-content\/plugins\/wpforms-lite\/assets\/images\/submit-spin.svg\" style=\"display: none;\" width=\"26\" height=\"26\" alt=\"Loading\"><\/form>\n<p>  <!-- .wpforms-container --><\/p>\n","protected":false},"excerpt":{"rendered":"<p>NOS SOLUTIONS CONSULTEZ NOTRE Services de conciergerie Nos services ne sont pas de simples offres, ce sont des exp\u00e9riences sur mesure, chacune d&rsquo;entre elles \u00e9tant con\u00e7ue pour rendre votre voyage extraordinaire. H\u00e9bergement Nous proposons des h\u00e9bergements extraordinaires \u00e0 Koh Samui, avec une s\u00e9lection soign\u00e9e de propri\u00e9t\u00e9s exquises. Nous sommes sp\u00e9cialis\u00e9s dans la personnalisation de nos &hellip;<\/p>\n<p class=\"read-more\"> <a class=\"\" href=\"https:\/\/simplesiam.com\/fr\/services\/\"> <span class=\"screen-reader-text\">Services<\/span> Lire la suite\u00a0\u00bb<\/a><\/p>\n","protected":false},"author":1,"featured_media":0,"parent":0,"menu_order":0,"comment_status":"closed","ping_status":"closed","template":"","meta":{"site-sidebar-layout":"no-sidebar","site-content-layout":"page-builder","ast-site-content-layout":"full-width-container","site-content-style":"unboxed","site-sidebar-style":"unboxed","ast-global-header-display":"","ast-banner-title-visibility":"","ast-main-header-display":"","ast-hfb-above-header-display":"","ast-hfb-below-header-display":"","ast-hfb-mobile-header-display":"","site-post-title":"disabled","ast-breadcrumbs-content":"disabled","ast-featured-img":"disabled","footer-sml-layout":"","theme-transparent-header-meta":"enabled","adv-header-id-meta":"","stick-header-meta":"","header-above-stick-meta":"","header-main-stick-meta":"","header-below-stick-meta":"","astra-migrate-meta-layouts":"default","ast-page-background-enabled":"default","ast-page-background-meta":{"desktop":{"background-color":"var(--ast-global-color-4)","background-image":"","background-repeat":"repeat","background-position":"center center","background-size":"auto","background-attachment":"scroll","background-type":"","background-media":"","overlay-type":"","overlay-color":"","overlay-gradient":""},"tablet":{"background-color":"","background-image":"","background-repeat":"repeat","background-position":"center center","background-size":"auto","background-attachment":"scroll","background-type":"","background-media":"","overlay-type":"","overlay-color":"","overlay-gradient":""},"mobile":{"background-color":"","background-image":"","background-repeat":"repeat","background-position":"center center","background-size":"auto","background-attachment":"scroll","background-type":"","background-media":"","overlay-type":"","overlay-color":"","overlay-gradient":""}},"ast-content-background-meta":{"desktop":{"background-color":"var(--ast-global-color-5)","background-image":"","background-repeat":"repeat","background-position":"center center","background-size":"auto","background-attachment":"scroll","background-type":"","background-media":"","overlay-type":"","overlay-color":"","overlay-gradient":""},"tablet":{"background-color":"var(--ast-global-color-5)","background-image":"","background-repeat":"repeat","background-position":"center center","background-size":"auto","background-attachment":"scroll","background-type":"","background-media":"","overlay-type":"","overlay-color":"","overlay-gradient":""},"mobile":{"background-color":"var(--ast-global-color-5)","background-image":"","background-repeat":"repeat","background-position":"center center","background-size":"auto","background-attachment":"scroll","background-type":"","background-media":"","overlay-type":"","overlay-color":"","overlay-gradient":""}},"footnotes":""},"class_list":["post-2765","page","type-page","status-publish","hentry"],"yoast_head":"<!-- This site is optimized with the Yoast SEO plugin v27.3 - https:\/\/yoast.com\/product\/yoast-seo-wordpress\/ -->\n<title>Services - Simple Siam<\/title>\n<meta name=\"robots\" content=\"index, follow, max-snippet:-1, max-image-preview:large, max-video-preview:-1\" \/>\n<link rel=\"canonical\" href=\"https:\/\/simplesiam.com\/services\/\" \/>\n<meta property=\"og:locale\" content=\"fr_FR\" \/>\n<meta property=\"og:type\" content=\"article\" \/>\n<meta property=\"og:title\" content=\"Services - Simple Siam\" \/>\n<meta property=\"og:description\" content=\"NOS SOLUTIONS CONSULTEZ NOTRE Services de conciergerie Nos services ne sont pas de simples offres, ce sont des exp\u00e9riences sur mesure, chacune d&rsquo;entre elles \u00e9tant con\u00e7ue pour rendre votre voyage extraordinaire. H\u00e9bergement Nous proposons des h\u00e9bergements extraordinaires \u00e0 Koh Samui, avec une s\u00e9lection soign\u00e9e de propri\u00e9t\u00e9s exquises. Nous sommes sp\u00e9cialis\u00e9s dans la personnalisation de nos &hellip; Services Lire la suite\u00a0\u00bb\" \/>\n<meta property=\"og:url\" content=\"https:\/\/simplesiam.com\/services\/\" \/>\n<meta property=\"og:site_name\" content=\"Simple Siam\" \/>\n<meta property=\"article:modified_time\" content=\"2024-02-16T06:08:10+00:00\" \/>\n<meta property=\"og:image\" content=\"https:\/\/simplesiam.com\/wp-content\/uploads\/2023\/12\/013ad3c6-bc8b-4096-8466-8b6ae5dc8c05-1024x682.jpg\" \/>\n<meta name=\"twitter:card\" content=\"summary_large_image\" \/>\n<meta name=\"twitter:label1\" content=\"Dur\u00e9e de lecture estim\u00e9e\" \/>\n\t<meta name=\"twitter:data1\" content=\"3 minutes\" \/>\n<script type=\"application\/ld+json\" class=\"yoast-schema-graph\">{\"@context\":\"https:\\\/\\\/schema.org\",\"@graph\":[{\"@type\":\"WebPage\",\"@id\":\"https:\\\/\\\/simplesiam.com\\\/services\\\/\",\"url\":\"https:\\\/\\\/simplesiam.com\\\/services\\\/\",\"name\":\"Services - Simple Siam\",\"isPartOf\":{\"@id\":\"https:\\\/\\\/simplesiam.com\\\/#website\"},\"primaryImageOfPage\":{\"@id\":\"https:\\\/\\\/simplesiam.com\\\/services\\\/#primaryimage\"},\"image\":{\"@id\":\"https:\\\/\\\/simplesiam.com\\\/services\\\/#primaryimage\"},\"thumbnailUrl\":\"https:\\\/\\\/simplesiam.com\\\/wp-content\\\/uploads\\\/2023\\\/12\\\/013ad3c6-bc8b-4096-8466-8b6ae5dc8c05-1024x682.jpg\",\"datePublished\":\"2021-08-25T03:39:27+00:00\",\"dateModified\":\"2024-02-16T06:08:10+00:00\",\"breadcrumb\":{\"@id\":\"https:\\\/\\\/simplesiam.com\\\/services\\\/#breadcrumb\"},\"inLanguage\":\"fr-FR\",\"potentialAction\":[{\"@type\":\"ReadAction\",\"target\":[\"https:\\\/\\\/simplesiam.com\\\/services\\\/\"]}]},{\"@type\":\"ImageObject\",\"inLanguage\":\"fr-FR\",\"@id\":\"https:\\\/\\\/simplesiam.com\\\/services\\\/#primaryimage\",\"url\":\"https:\\\/\\\/simplesiam.com\\\/wp-content\\\/uploads\\\/2023\\\/12\\\/013ad3c6-bc8b-4096-8466-8b6ae5dc8c05-1024x682.jpg\",\"contentUrl\":\"https:\\\/\\\/simplesiam.com\\\/wp-content\\\/uploads\\\/2023\\\/12\\\/013ad3c6-bc8b-4096-8466-8b6ae5dc8c05-1024x682.jpg\"},{\"@type\":\"BreadcrumbList\",\"@id\":\"https:\\\/\\\/simplesiam.com\\\/services\\\/#breadcrumb\",\"itemListElement\":[{\"@type\":\"ListItem\",\"position\":1,\"name\":\"Home\",\"item\":\"https:\\\/\\\/simplesiam.com\\\/fr\\\/accueil\\\/\"},{\"@type\":\"ListItem\",\"position\":2,\"name\":\"Services\"}]},{\"@type\":\"WebSite\",\"@id\":\"https:\\\/\\\/simplesiam.com\\\/#website\",\"url\":\"https:\\\/\\\/simplesiam.com\\\/\",\"name\":\"Simple Siam\",\"description\":\"Simple Siam\",\"publisher\":{\"@id\":\"https:\\\/\\\/simplesiam.com\\\/#organization\"},\"potentialAction\":[{\"@type\":\"SearchAction\",\"target\":{\"@type\":\"EntryPoint\",\"urlTemplate\":\"https:\\\/\\\/simplesiam.com\\\/?s={search_term_string}\"},\"query-input\":{\"@type\":\"PropertyValueSpecification\",\"valueRequired\":true,\"valueName\":\"search_term_string\"}}],\"inLanguage\":\"fr-FR\"},{\"@type\":\"Organization\",\"@id\":\"https:\\\/\\\/simplesiam.com\\\/#organization\",\"name\":\"Simple Siam\",\"url\":\"https:\\\/\\\/simplesiam.com\\\/\",\"logo\":{\"@type\":\"ImageObject\",\"inLanguage\":\"fr-FR\",\"@id\":\"https:\\\/\\\/simplesiam.com\\\/#\\\/schema\\\/logo\\\/image\\\/\",\"url\":\"https:\\\/\\\/simplesiam.com\\\/wp-content\\\/uploads\\\/2023\\\/12\\\/cropped-cropped-neww.png\",\"contentUrl\":\"https:\\\/\\\/simplesiam.com\\\/wp-content\\\/uploads\\\/2023\\\/12\\\/cropped-cropped-neww.png\",\"width\":636,\"height\":212,\"caption\":\"Simple Siam\"},\"image\":{\"@id\":\"https:\\\/\\\/simplesiam.com\\\/#\\\/schema\\\/logo\\\/image\\\/\"}}]}<\/script>\n<!-- \/ Yoast SEO plugin. -->","yoast_head_json":{"title":"Services - Simple Siam","robots":{"index":"index","follow":"follow","max-snippet":"max-snippet:-1","max-image-preview":"max-image-preview:large","max-video-preview":"max-video-preview:-1"},"canonical":"https:\/\/simplesiam.com\/services\/","og_locale":"fr_FR","og_type":"article","og_title":"Services - Simple Siam","og_description":"NOS SOLUTIONS CONSULTEZ NOTRE Services de conciergerie Nos services ne sont pas de simples offres, ce sont des exp\u00e9riences sur mesure, chacune d&rsquo;entre elles \u00e9tant con\u00e7ue pour rendre votre voyage extraordinaire. H\u00e9bergement Nous proposons des h\u00e9bergements extraordinaires \u00e0 Koh Samui, avec une s\u00e9lection soign\u00e9e de propri\u00e9t\u00e9s exquises. Nous sommes sp\u00e9cialis\u00e9s dans la personnalisation de nos &hellip; Services Lire la suite\u00a0\u00bb","og_url":"https:\/\/simplesiam.com\/services\/","og_site_name":"Simple Siam","article_modified_time":"2024-02-16T06:08:10+00:00","og_image":[{"url":"https:\/\/simplesiam.com\/wp-content\/uploads\/2023\/12\/013ad3c6-bc8b-4096-8466-8b6ae5dc8c05-1024x682.jpg","type":"","width":"","height":""}],"twitter_card":"summary_large_image","twitter_misc":{"Dur\u00e9e de lecture estim\u00e9e":"3 minutes"},"schema":{"@context":"https:\/\/schema.org","@graph":[{"@type":"WebPage","@id":"https:\/\/simplesiam.com\/services\/","url":"https:\/\/simplesiam.com\/services\/","name":"Services - Simple Siam","isPartOf":{"@id":"https:\/\/simplesiam.com\/#website"},"primaryImageOfPage":{"@id":"https:\/\/simplesiam.com\/services\/#primaryimage"},"image":{"@id":"https:\/\/simplesiam.com\/services\/#primaryimage"},"thumbnailUrl":"https:\/\/simplesiam.com\/wp-content\/uploads\/2023\/12\/013ad3c6-bc8b-4096-8466-8b6ae5dc8c05-1024x682.jpg","datePublished":"2021-08-25T03:39:27+00:00","dateModified":"2024-02-16T06:08:10+00:00","breadcrumb":{"@id":"https:\/\/simplesiam.com\/services\/#breadcrumb"},"inLanguage":"fr-FR","potentialAction":[{"@type":"ReadAction","target":["https:\/\/simplesiam.com\/services\/"]}]},{"@type":"ImageObject","inLanguage":"fr-FR","@id":"https:\/\/simplesiam.com\/services\/#primaryimage","url":"https:\/\/simplesiam.com\/wp-content\/uploads\/2023\/12\/013ad3c6-bc8b-4096-8466-8b6ae5dc8c05-1024x682.jpg","contentUrl":"https:\/\/simplesiam.com\/wp-content\/uploads\/2023\/12\/013ad3c6-bc8b-4096-8466-8b6ae5dc8c05-1024x682.jpg"},{"@type":"BreadcrumbList","@id":"https:\/\/simplesiam.com\/services\/#breadcrumb","itemListElement":[{"@type":"ListItem","position":1,"name":"Home","item":"https:\/\/simplesiam.com\/fr\/accueil\/"},{"@type":"ListItem","position":2,"name":"Services"}]},{"@type":"WebSite","@id":"https:\/\/simplesiam.com\/#website","url":"https:\/\/simplesiam.com\/","name":"Simple Siam","description":"Simple Siam","publisher":{"@id":"https:\/\/simplesiam.com\/#organization"},"potentialAction":[{"@type":"SearchAction","target":{"@type":"EntryPoint","urlTemplate":"https:\/\/simplesiam.com\/?s={search_term_string}"},"query-input":{"@type":"PropertyValueSpecification","valueRequired":true,"valueName":"search_term_string"}}],"inLanguage":"fr-FR"},{"@type":"Organization","@id":"https:\/\/simplesiam.com\/#organization","name":"Simple Siam","url":"https:\/\/simplesiam.com\/","logo":{"@type":"ImageObject","inLanguage":"fr-FR","@id":"https:\/\/simplesiam.com\/#\/schema\/logo\/image\/","url":"https:\/\/simplesiam.com\/wp-content\/uploads\/2023\/12\/cropped-cropped-neww.png","contentUrl":"https:\/\/simplesiam.com\/wp-content\/uploads\/2023\/12\/cropped-cropped-neww.png","width":636,"height":212,"caption":"Simple Siam"},"image":{"@id":"https:\/\/simplesiam.com\/#\/schema\/logo\/image\/"}}]}},"_links":{"self":[{"href":"https:\/\/simplesiam.com\/fr\/wp-json\/wp\/v2\/pages\/2765","targetHints":{"allow":["GET"]}}],"collection":[{"href":"https:\/\/simplesiam.com\/fr\/wp-json\/wp\/v2\/pages"}],"about":[{"href":"https:\/\/simplesiam.com\/fr\/wp-json\/wp\/v2\/types\/page"}],"author":[{"embeddable":true,"href":"https:\/\/simplesiam.com\/fr\/wp-json\/wp\/v2\/users\/1"}],"replies":[{"embeddable":true,"href":"https:\/\/simplesiam.com\/fr\/wp-json\/wp\/v2\/comments?post=2765"}],"version-history":[{"count":6,"href":"https:\/\/simplesiam.com\/fr\/wp-json\/wp\/v2\/pages\/2765\/revisions"}],"predecessor-version":[{"id":2824,"href":"https:\/\/simplesiam.com\/fr\/wp-json\/wp\/v2\/pages\/2765\/revisions\/2824"}],"wp:attachment":[{"href":"https:\/\/simplesiam.com\/fr\/wp-json\/wp\/v2\/media?parent=2765"}],"curies":[{"name":"wp","href":"https:\/\/api.w.org\/{rel}","templated":true}]}}